{"id":129,"date":"2018-11-02T10:41:38","date_gmt":"2018-11-02T10:41:38","guid":{"rendered":"http:\/\/listeo.wpengine.com\/?page_id=43"},"modified":"2024-08-22T20:00:34","modified_gmt":"2024-08-22T18:00:34","slug":"bookmarks","status":"publish","type":"page","link":"https:\/\/monmenuhalal.com\/index.php\/bookmarks\/","title":{"rendered":"Favoris"},"content":{"rendered":"Vous devez \u00eatre connect\u00e9 pour g\u00e9rer vos favoris.\n","protected":false},"excerpt":{"rendered":"","protected":false},"author":1,"featured_media":0,"parent":0,"menu_order":0,"comment_status":"closed","ping_status":"closed","template":"template-dashboard.php","meta":{"footnotes":""},"class_list":["post-129","page","type-page","status-publish","hentry"],"_links":{"self":[{"href":"https:\/\/monmenuhalal.com\/index.php\/wp-json\/wp\/v2\/pages\/129","targetHints":{"allow":["GET"]}}],"collection":[{"href":"https:\/\/monmenuhalal.com\/index.php\/wp-json\/wp\/v2\/pages"}],"about":[{"href":"https:\/\/monmenuhalal.com\/index.php\/wp-json\/wp\/v2\/types\/page"}],"author":[{"embeddable":true,"href":"https:\/\/monmenuhalal.com\/index.php\/wp-json\/wp\/v2\/users\/1"}],"replies":[{"embeddable":true,"href":"https:\/\/monmenuhalal.com\/index.php\/wp-json\/wp\/v2\/comments?post=129"}],"version-history":[{"count":1,"href":"https:\/\/monmenuhalal.com\/index.php\/wp-json\/wp\/v2\/pages\/129\/revisions"}],"predecessor-version":[{"id":610,"href":"https:\/\/monmenuhalal.com\/index.php\/wp-json\/wp\/v2\/pages\/129\/revisions\/610"}],"wp:attachment":[{"href":"https:\/\/monmenuhalal.com\/index.php\/wp-json\/wp\/v2\/media?parent=129"}],"curies":[{"name":"wp","href":"https:\/\/api.w.org\/{rel}","templated":true}]}}